{"id":20291,"date":"2023-11-20T10:27:34","date_gmt":"2023-11-20T10:27:34","guid":{"rendered":"https:\/\/dashscreen.info\/?post_type=product&#038;p=20291"},"modified":"2024-09-11T07:36:46","modified_gmt":"2024-09-11T07:36:46","slug":"dashscreen-ecran-10","status":"publish","type":"product","link":"https:\/\/dashscreen.info\/index.php\/produit\/dashscreen-ecran-10\/","title":{"rendered":"Dashscreen Ecran 10-1&Prime;"},"content":{"rendered":"<ul>\n<li>Boitier Dashscreen<\/li>\n<li>Ecran tactile (pour lancer des scripts)<\/li>\n<li>Logiciel de configuration Windows, MacOS, Mobile<\/li>\n<li>Mise \u00e0 jour automatique<\/li>\n<li>Connexion ethernet ou en Wifi<\/li>\n<li>Pas d\u2019abonnement<\/li>\n<li>Support technique<\/li>\n<\/ul>\n","protected":false},"excerpt":{"rendered":"<p>Un cadre photo num\u00e9rique vous permet de voir et de partager facilement les photos de votre t\u00e9l\u00e9phone que vous ne regardez presque jamais.<\/p>\n<p>Une console photo, m\u00e9t\u00e9o et traffic chez soi offre la possibilit\u00e9 de capturer des moments pr\u00e9cieux, de conna\u00eetre les pr\u00e9visions m\u00e9t\u00e9o en temps r\u00e9el et de rester inform\u00e9 sur les conditions de circulation. Pratique pour planifier ses activit\u00e9s au quotidien.<\/p>\n<p>Ce cadre photo num\u00e9rique offre des fonctionnalit\u00e9s polyvalentes, comme l\u2019affichage de photos, la m\u00e9t\u00e9o, la temp\u00e9rature, l\u2019\u00e9tat du trafic, la date et l\u2019heure, ainsi que la possibilit\u00e9 de se connecter \u00e0 une webcam. Mais aussi de r\u00e9cup\u00e9rer des donn\u00e9es HTTP, JSON, \u2026<\/p>\n","protected":false},"featured_media":20254,"template":"","meta":[],"product_brand":[],"product_cat":[15],"product_tag":[121,120],"class_list":{"0":"post-20291","1":"product","2":"type-product","3":"status-publish","4":"has-post-thumbnail","6":"product_cat-non-classe","7":"product_tag-boitier","8":"product_tag-ecran","10":"first","11":"instock","12":"sale","13":"taxable","14":"shipping-taxable","15":"purchasable","16":"product-type-simple"},"_links":{"self":[{"href":"https:\/\/dashscreen.info\/index.php\/wp-json\/wp\/v2\/product\/20291","targetHints":{"allow":["GET"]}}],"collection":[{"href":"https:\/\/dashscreen.info\/index.php\/wp-json\/wp\/v2\/product"}],"about":[{"href":"https:\/\/dashscreen.info\/index.php\/wp-json\/wp\/v2\/types\/product"}],"wp:featuredmedia":[{"embeddable":true,"href":"https:\/\/dashscreen.info\/index.php\/wp-json\/wp\/v2\/media\/20254"}],"wp:attachment":[{"href":"https:\/\/dashscreen.info\/index.php\/wp-json\/wp\/v2\/media?parent=20291"}],"wp:term":[{"taxonomy":"product_brand","embeddable":true,"href":"https:\/\/dashscreen.info\/index.php\/wp-json\/wp\/v2\/product_brand?post=20291"},{"taxonomy":"product_cat","embeddable":true,"href":"https:\/\/dashscreen.info\/index.php\/wp-json\/wp\/v2\/product_cat?post=20291"},{"taxonomy":"product_tag","embeddable":true,"href":"https:\/\/dashscreen.info\/index.php\/wp-json\/wp\/v2\/product_tag?post=20291"}],"curies":[{"name":"wp","href":"https:\/\/api.w.org\/{rel}","templated":true}]}}